{"id":2455,"date":"2021-08-05T22:24:55","date_gmt":"2021-08-06T01:24:55","guid":{"rendered":"https:\/\/iap.crp.ufv.br\/?page_id=2455"},"modified":"2022-09-06T10:10:17","modified_gmt":"2022-09-06T13:10:17","slug":"formularios-monitorias","status":"publish","type":"page","link":"https:\/\/iap.crp.ufv.br\/?page_id=2455","title":{"rendered":"FORMUL\u00c1RIOS MONITORIAS"},"content":{"rendered":"\n<h3 class=\"wp-block-heading\"><strong>MONITORIAS REGULARES<\/strong> <\/h3>\n\n\n\n<p><a href=\"https:\/\/iap.crp.ufv.br\/wp-content\/uploads\/Formul\u00e1rio-de-Inscri\u00e7\u00e3o.doc\">Formul\u00e1rio de Inscri\u00e7\u00e3o<\/a><\/p>\n\n\n\n<p><a href=\"https:\/\/iap.crp.ufv.br\/wp-content\/uploads\/Ata-de-sele\u00e7\u00e3o-Monitoria-1.docx\">Ata de sele\u00e7\u00e3o Monitoria<\/a><\/p>\n\n\n\n<p><a href=\"https:\/\/iap.crp.ufv.br\/wp-content\/uploads\/Plano-de-trabalho_Remunerado-monitor-I-ou-II-1.docx\">Plano de trabalho \u2013 monitor I ou II<\/a><\/p>\n\n\n\n<p><a href=\"https:\/\/iap.crp.ufv.br\/wp-content\/uploads\/Termo-de-compromisso_Remunerado-N\u00edvel-I-ou-II-IAP.docx\">Termo de compromisso \u2013 Remunerado <\/a><a href=\"https:\/\/iap.crp.ufv.br\/wp-content\/uploads\/Termo-de-Compromisso-Monitor.docx\">N\u00edvel <\/a><a href=\"https:\/\/iap.crp.ufv.br\/wp-content\/uploads\/Termo-de-compromisso_Remunerado-N\u00edvel-I-ou-II-IAP.docx\">I ou II<\/a><\/p>\n\n\n\n<p><a href=\"https:\/\/iap.crp.ufv.br\/wp-content\/uploads\/Termo-de-Compromisso-de-Monitoria-VOLUNT\u00c1RIA.docx\">Termo de compromisso \u2013 Volunt\u00e1rio I ou II<\/a><\/p>\n\n\n\n<p><a href=\"https:\/\/iap.crp.ufv.br\/wp-content\/uploads\/Relat\u00f3rio-de-Frequ\u00eancia-Remunerado-.docx\">Relat\u00f3rio de Frequ\u00eancia e de Atividades de Monitoria<\/a><\/p>\n\n\n\n<p><a href=\"https:\/\/iap.crp.ufv.br\/wp-content\/uploads\/rel_semest_ativ_monitoria.docx\">Relat\u00f3rio Semestral de Atividades de Monitoria<\/a><\/p>\n","protected":false},"excerpt":{"rendered":"<p>MONITORIAS REGULARES Formul\u00e1rio de Inscri\u00e7\u00e3o Ata de sele\u00e7\u00e3o Monitoria Plano de trabalho \u2013 monitor I ou II Termo de compromisso \u2013 Remunerado N\u00edvel I ou II Termo de compromisso \u2013 Volunt\u00e1rio I ou II Relat\u00f3rio de Frequ\u00eancia e de Atividades de Monitoria Relat\u00f3rio Semestral de Atividades de Monitoria<\/p>\n","protected":false},"author":7,"featured_media":0,"parent":0,"menu_order":0,"comment_status":"closed","ping_status":"closed","template":"","meta":{"footnotes":""},"class_list":["post-2455","page","type-page","status-publish","hentry"],"_links":{"self":[{"href":"https:\/\/iap.crp.ufv.br\/index.php?rest_route=\/wp\/v2\/pages\/2455","targetHints":{"allow":["GET"]}}],"collection":[{"href":"https:\/\/iap.crp.ufv.br\/index.php?rest_route=\/wp\/v2\/pages"}],"about":[{"href":"https:\/\/iap.crp.ufv.br\/index.php?rest_route=\/wp\/v2\/types\/page"}],"author":[{"embeddable":true,"href":"https:\/\/iap.crp.ufv.br\/index.php?rest_route=\/wp\/v2\/users\/7"}],"replies":[{"embeddable":true,"href":"https:\/\/iap.crp.ufv.br\/index.php?rest_route=%2Fwp%2Fv2%2Fcomments&post=2455"}],"version-history":[{"count":18,"href":"https:\/\/iap.crp.ufv.br\/index.php?rest_route=\/wp\/v2\/pages\/2455\/revisions"}],"predecessor-version":[{"id":2715,"href":"https:\/\/iap.crp.ufv.br\/index.php?rest_route=\/wp\/v2\/pages\/2455\/revisions\/2715"}],"wp:attachment":[{"href":"https:\/\/iap.crp.ufv.br\/index.php?rest_route=%2Fwp%2Fv2%2Fmedia&parent=2455"}],"curies":[{"name":"wp","href":"https:\/\/api.w.org\/{rel}","templated":true}]}}