{"id":2396,"date":"2021-07-28T16:30:29","date_gmt":"2021-07-28T19:30:29","guid":{"rendered":"https:\/\/iap.crp.ufv.br\/?page_id=2396"},"modified":"2025-04-24T22:05:02","modified_gmt":"2025-04-25T01:05:02","slug":"link-uteis","status":"publish","type":"page","link":"https:\/\/iap.crp.ufv.br\/?page_id=2396","title":{"rendered":"Links \u00dateis"},"content":{"rendered":"\r\n<p><strong>Conselhos:<\/strong><\/p>\r\n\r\n\r\n\r\n<p><a href=\"http:\/\/www.soc.ufv.br\/?page_id=157\">CEPE \u2013 Conselho de Ensino, Pesquisa e Extens\u00e3o<\/a><br \/><a href=\"http:\/\/www.soc.ufv.br\/?page_id=163\">CONSU \u2013 Conselho Universit\u00e1rio<\/a><br \/><a href=\"https:\/\/www.ufv.br\/conselhos-rio-paranaiba\/\">COAD \u2013 Conselho Acad\u00eamico-Administrativo<\/a><\/p>\r\n\r\n\r\n\r\n<p><strong>Sistemas Acad\u00eamicos\u00a0e Administrativos:<\/strong><\/p>\r\n\r\n\r\n\r\n<p><a href=\"http:\/\/www.dti.ufv.br\/ensino\/\">Consulta aulas Coordenadas e Ministradas<\/a><br \/><a href=\"https:\/\/telefones.crp.ufv.br\/grid_vcatalogotelefonico\/\">Cat\u00e1logo Telef\u00f4nico \u2013 Campus Rio Parana\u00edba<\/a><br \/><a href=\"http:\/\/net-server.cpd.ufv.br\/SisProcesso\/\">Sistema de Controle de Processos da UFV (antigo)<\/a><br \/><a href=\"https:\/\/www.ufv.br\/sistemas-administrativos-campus-rio-paranaiba\/\">Sistemas administrativos \u2013 Campus Rio Parana\u00edba<\/a><br \/><a href=\"http:\/\/www.ppg.ufv.br\/?page_id=327\">Sistemas PPG<\/a><br \/><a href=\"https:\/\/www.pvanet.ufv.br\/\">PVANet<\/a><br \/><a href=\"https:\/\/www.dti.ufv.br\/radocnew\/\">Radoc<\/a><br \/><a href=\"https:\/\/sapiens.dti.ufv.br\/sapiens_redireciona\/\">Sapiens<\/a><\/p>\r\n\r\n\r\n\r\n<p><strong>Legisla\u00e7\u00e3o:<\/strong><\/p>\r\n\r\n\r\n\r\n<p><a href=\"http:\/\/www.pgp.ufv.br\/?page_id=166\">Gest\u00e3o de pessoas<\/a><br \/><a href=\"http:\/\/www.soc.ufv.br\/?page_id=16258\">Resolu\u00e7\u00f5es CONSU<\/a><br \/><a href=\"http:\/\/www.soc.ufv.br\/?page_id=16476\">Resolu\u00e7\u00f5es CEPE<\/a><a href=\"http:\/\/www.ppg.ufv.br\/\">P\u00f3s-gradua\u00e7\u00e3o<\/a><\/p>\r\n\r\n\r\n\r\n<p><strong>Concursos:<\/strong><\/p>\r\n\r\n\r\n\r\n<p><a href=\"http:\/\/www.soc.ufv.br\/?page_id=1392\">Carreira Docente<\/a><br \/><a href=\"http:\/\/www.pgp.ufv.br\/?page_id=456\">Carreira T\u00e9cnico-Administrativa<\/a><\/p>\r\n","protected":false},"excerpt":{"rendered":"<p>Conselhos: CEPE \u2013 Conselho de Ensino, Pesquisa e Extens\u00e3oCONSU \u2013 Conselho Universit\u00e1rioCOAD \u2013 Conselho Acad\u00eamico-Administrativo Sistemas Acad\u00eamicos\u00a0e Administrativos: Consulta aulas Coordenadas e MinistradasCat\u00e1logo Telef\u00f4nico \u2013 Campus Rio Parana\u00edbaSistema de Controle de Processos da UFV (antigo)Sistemas administrativos \u2013 Campus Rio Parana\u00edbaSistemas PPGPVANetRadocSapiens Legisla\u00e7\u00e3o: Gest\u00e3o de pessoasResolu\u00e7\u00f5es CONSUResolu\u00e7\u00f5es CEPEP\u00f3s-gradua\u00e7\u00e3o Concursos: Carreira DocenteCarreira T\u00e9cnico-Administrativa<\/p>\n","protected":false},"author":1,"featured_media":0,"parent":0,"menu_order":0,"comment_status":"closed","ping_status":"closed","template":"","meta":{"footnotes":""},"class_list":["post-2396","page","type-page","status-publish","hentry"],"_links":{"self":[{"href":"https:\/\/iap.crp.ufv.br\/index.php?rest_route=\/wp\/v2\/pages\/2396","targetHints":{"allow":["GET"]}}],"collection":[{"href":"https:\/\/iap.crp.ufv.br\/index.php?rest_route=\/wp\/v2\/pages"}],"about":[{"href":"https:\/\/iap.crp.ufv.br\/index.php?rest_route=\/wp\/v2\/types\/page"}],"author":[{"embeddable":true,"href":"https:\/\/iap.crp.ufv.br\/index.php?rest_route=\/wp\/v2\/users\/1"}],"replies":[{"embeddable":true,"href":"https:\/\/iap.crp.ufv.br\/index.php?rest_route=%2Fwp%2Fv2%2Fcomments&post=2396"}],"version-history":[{"count":3,"href":"https:\/\/iap.crp.ufv.br\/index.php?rest_route=\/wp\/v2\/pages\/2396\/revisions"}],"predecessor-version":[{"id":2941,"href":"https:\/\/iap.crp.ufv.br\/index.php?rest_route=\/wp\/v2\/pages\/2396\/revisions\/2941"}],"wp:attachment":[{"href":"https:\/\/iap.crp.ufv.br\/index.php?rest_route=%2Fwp%2Fv2%2Fmedia&parent=2396"}],"curies":[{"name":"wp","href":"https:\/\/api.w.org\/{rel}","templated":true}]}}