{"id":2392,"date":"2021-07-28T16:29:51","date_gmt":"2021-07-28T19:29:51","guid":{"rendered":"https:\/\/iap.crp.ufv.br\/?page_id=2392"},"modified":"2021-08-05T23:08:18","modified_gmt":"2021-08-06T02:08:18","slug":"menu02-2","status":"publish","type":"page","link":"https:\/\/iap.crp.ufv.br\/?page_id=2392","title":{"rendered":"SEI \u2013 Sistema Eletr\u00f4nico de Informa\u00e7\u00f5es"},"content":{"rendered":"\n<p><a href=\"http:\/\/www.sei.ufv.br\/\">SEI \u2013 SISTEMA ELETR\u00d4NICO DE INFORMA\u00c7\u00d5ES<\/a><\/p>\n\n\n\n<p>O SEI! \u00e9 um sistema de gest\u00e3o de processos e documentos eletr\u00f4nicos.<\/p>\n\n\n\n<p>D\u00favidas:<\/p>\n\n\n\n<p>E-mail: sei@ufv.br<br \/>Jorge (SEPAR): (31)3612-2611<\/p>\n\n\n\n<p>Treinamento:<\/p>\n\n\n\n<p><a href=\"https:\/\/ibp.crp.ufv.br\/wp-content\/uploads\/SEIApostilaCompleta_compressed.pdf\">Apostila<\/a><\/p>\n","protected":false},"excerpt":{"rendered":"<p>SEI \u2013 SISTEMA ELETR\u00d4NICO DE INFORMA\u00c7\u00d5ES O SEI! \u00e9 um sistema de gest\u00e3o de processos e documentos eletr\u00f4nicos. D\u00favidas: E-mail: sei@ufv.brJorge (SEPAR): (31)3612-2611 Treinamento: Apostila<\/p>\n","protected":false},"author":1,"featured_media":0,"parent":0,"menu_order":0,"comment_status":"closed","ping_status":"closed","template":"","meta":{"footnotes":""},"class_list":["post-2392","page","type-page","status-publish","hentry"],"_links":{"self":[{"href":"https:\/\/iap.crp.ufv.br\/index.php?rest_route=\/wp\/v2\/pages\/2392","targetHints":{"allow":["GET"]}}],"collection":[{"href":"https:\/\/iap.crp.ufv.br\/index.php?rest_route=\/wp\/v2\/pages"}],"about":[{"href":"https:\/\/iap.crp.ufv.br\/index.php?rest_route=\/wp\/v2\/types\/page"}],"author":[{"embeddable":true,"href":"https:\/\/iap.crp.ufv.br\/index.php?rest_route=\/wp\/v2\/users\/1"}],"replies":[{"embeddable":true,"href":"https:\/\/iap.crp.ufv.br\/index.php?rest_route=%2Fwp%2Fv2%2Fcomments&post=2392"}],"version-history":[{"count":3,"href":"https:\/\/iap.crp.ufv.br\/index.php?rest_route=\/wp\/v2\/pages\/2392\/revisions"}],"predecessor-version":[{"id":2506,"href":"https:\/\/iap.crp.ufv.br\/index.php?rest_route=\/wp\/v2\/pages\/2392\/revisions\/2506"}],"wp:attachment":[{"href":"https:\/\/iap.crp.ufv.br\/index.php?rest_route=%2Fwp%2Fv2%2Fmedia&parent=2392"}],"curies":[{"name":"wp","href":"https:\/\/api.w.org\/{rel}","templated":true}]}}