{"id":2390,"date":"2021-07-28T16:29:28","date_gmt":"2021-07-28T19:29:28","guid":{"rendered":"https:\/\/iap.crp.ufv.br\/?page_id=2390"},"modified":"2024-10-23T10:21:55","modified_gmt":"2024-10-23T13:21:55","slug":"menu01","status":"publish","type":"page","link":"https:\/\/iap.crp.ufv.br\/?page_id=2390","title":{"rendered":"Formul\u00e1rios"},"content":{"rendered":"\n<p><a href=\"https:\/\/iap.crp.ufv.br\/?page_id=2455\">Monitoria<\/a><\/p>\n\n\n\n<p><a href=\"https:\/\/daf.crp.ufv.br\/?page_id=1156\">Gest\u00e3o de Pessoas &#8211; Campus Rio Parana\u00edba<\/a><\/p>\n\n\n\n<p><a href=\"http:\/\/www.ppg.ufv.br\/?page_id=258\">P\u00f3s-Gradua\u00e7\u00e3o<\/a><\/p>\n\n\n\n<p><a href=\"http:\/\/www.ppo.ufv.br\/?page_id=782\">Formul\u00e1rios elaborados pela PPO<\/a><\/p>\n\n\n\n<p><a href=\"http:\/\/www.cppd.ufv.br\/?page_id=119\">Concurso &#8211; Professor Efetivo e Substituto<\/a><\/p>\n\n\n\n<p><a href=\"https:\/\/iap.crp.ufv.br\/?page_id=2460\">Outros<\/a><\/p>\n\n\n\n<p><a href=\"https:\/\/iap.crp.ufv.br\/wp-content\/uploads\/geracao-certificados-IAP.xlsx\">Planilha para a gera\u00e7\u00e3o de certificados<\/a><\/p>\n\n\n\n<p><a href=\"https:\/\/iap.crp.ufv.br\/wp-content\/uploads\/ANEXO-II-REQUISICAO_INSCRICAO_TUTORIA.docx\" data-type=\"link\" data-id=\"https:\/\/iap.crp.ufv.br\/wp-content\/uploads\/ANEXO-II-REQUISICAO_INSCRICAO_TUTORIA.docx\">Tutoria<\/a><\/p>\n\n\n\n<p><\/p>\n","protected":false},"excerpt":{"rendered":"<p>Monitoria Gest\u00e3o de Pessoas &#8211; Campus Rio Parana\u00edba P\u00f3s-Gradua\u00e7\u00e3o Formul\u00e1rios elaborados pela PPO Concurso &#8211; Professor Efetivo e Substituto Outros Planilha para a gera\u00e7\u00e3o de certificados Tutoria<\/p>\n","protected":false},"author":1,"featured_media":0,"parent":0,"menu_order":0,"comment_status":"closed","ping_status":"closed","template":"","meta":{"footnotes":""},"class_list":["post-2390","page","type-page","status-publish","hentry"],"_links":{"self":[{"href":"https:\/\/iap.crp.ufv.br\/index.php?rest_route=\/wp\/v2\/pages\/2390","targetHints":{"allow":["GET"]}}],"collection":[{"href":"https:\/\/iap.crp.ufv.br\/index.php?rest_route=\/wp\/v2\/pages"}],"about":[{"href":"https:\/\/iap.crp.ufv.br\/index.php?rest_route=\/wp\/v2\/types\/page"}],"author":[{"embeddable":true,"href":"https:\/\/iap.crp.ufv.br\/index.php?rest_route=\/wp\/v2\/users\/1"}],"replies":[{"embeddable":true,"href":"https:\/\/iap.crp.ufv.br\/index.php?rest_route=%2Fwp%2Fv2%2Fcomments&post=2390"}],"version-history":[{"count":12,"href":"https:\/\/iap.crp.ufv.br\/index.php?rest_route=\/wp\/v2\/pages\/2390\/revisions"}],"predecessor-version":[{"id":2866,"href":"https:\/\/iap.crp.ufv.br\/index.php?rest_route=\/wp\/v2\/pages\/2390\/revisions\/2866"}],"wp:attachment":[{"href":"https:\/\/iap.crp.ufv.br\/index.php?rest_route=%2Fwp%2Fv2%2Fmedia&parent=2390"}],"curies":[{"name":"wp","href":"https:\/\/api.w.org\/{rel}","templated":true}]}}