{"id":2336,"date":"2021-07-25T21:16:05","date_gmt":"2021-07-26T00:16:05","guid":{"rendered":"https:\/\/iap.crp.ufv.br\/?page_id=2336"},"modified":"2021-07-25T21:21:30","modified_gmt":"2021-07-26T00:21:30","slug":"apresentacao","status":"publish","type":"page","link":"https:\/\/iap.crp.ufv.br\/?page_id=2336","title":{"rendered":"APRESENTA\u00c7\u00c3O"},"content":{"rendered":"\n<p>Instituto de Ci\u00eancias Agr\u00e1rias (IAP), vinculado \u00e0 Diretoria Geral do <em>campus<\/em> UFV-Rio Parana\u00edba, \u00e9 a unidade respons\u00e1vel pelo ensino, pesquisa, extens\u00e3o e atividades afins, em sua \u00e1rea de compet\u00eancia na Universidade, compreendendo corpo docente e t\u00e9cnico-administrativo, instala\u00e7\u00f5es, \u00e1reas experimentais, equipamentos e materiais necess\u00e1rios \u00e0 execu\u00e7\u00e3o de seus objetivos. <br \/><br \/>Instituto de Ci\u00eancias Agr\u00e1rias dever\u00e1 especializar-se na pesquisa fundamental e aplicada e no ensino, em sua \u00e1rea de conhecimento, refor\u00e7ando sua base cient\u00edfica de apoio ao ensino t\u00e9cnico, de gradua\u00e7\u00e3o e p\u00f3s-gradua\u00e7\u00e3o e sua contribui\u00e7\u00e3o \u00e0 pesquisa e \u00e0 extens\u00e3o na Universidade.<br \/><br \/>Assim, o Instituto de Ci\u00eancias Agr\u00e1rias possui a compet\u00eancia de auxiliar e gerenciar os docentes e discente vinculados \u00e0s disciplinas dos cursos de <a rel=\"noreferrer noopener\" aria-label=\"Agronomia (abre numa nova aba)\" href=\"http:\/\/www.agn.crp.ufv.br\/\" target=\"_blank\">Agronomia<\/a>, <a rel=\"noreferrer noopener\" aria-label=\"Ci\u00eancia e Tecnologia de Alimentos (abre numa nova aba)\" href=\"https:\/\/cta.crp.ufv.br\/\" target=\"_blank\">Ci\u00eancia e Tecnologia de Alimentos<\/a> e <a rel=\"noreferrer noopener\" aria-label=\"Mestrado em Agronomia (Produ\u00e7\u00e3o Vegetal) (abre numa nova aba)\" href=\"http:\/\/www.posagroprodvegetal.crp.ufv.br\/\" target=\"_blank\">Mestrado em Agronomia (Produ\u00e7\u00e3o Vegetal)<\/a>. <\/p>\n","protected":false},"excerpt":{"rendered":"<p>Instituto de Ci\u00eancias Agr\u00e1rias (IAP), vinculado \u00e0 Diretoria Geral do campus UFV-Rio Parana\u00edba, \u00e9 a unidade respons\u00e1vel pelo ensino, pesquisa, extens\u00e3o e atividades afins, em sua \u00e1rea de compet\u00eancia na Universidade, compreendendo corpo docente e t\u00e9cnico-administrativo, instala\u00e7\u00f5es, \u00e1reas experimentais, equipamentos e materiais necess\u00e1rios \u00e0 execu\u00e7\u00e3o de seus objetivos. Instituto de Ci\u00eancias Agr\u00e1rias dever\u00e1 especializar-se na [&hellip;]<\/p>\n","protected":false},"author":8,"featured_media":0,"parent":0,"menu_order":0,"comment_status":"closed","ping_status":"closed","template":"","meta":{"footnotes":""},"class_list":["post-2336","page","type-page","status-publish","hentry"],"_links":{"self":[{"href":"https:\/\/iap.crp.ufv.br\/index.php?rest_route=\/wp\/v2\/pages\/2336","targetHints":{"allow":["GET"]}}],"collection":[{"href":"https:\/\/iap.crp.ufv.br\/index.php?rest_route=\/wp\/v2\/pages"}],"about":[{"href":"https:\/\/iap.crp.ufv.br\/index.php?rest_route=\/wp\/v2\/types\/page"}],"author":[{"embeddable":true,"href":"https:\/\/iap.crp.ufv.br\/index.php?rest_route=\/wp\/v2\/users\/8"}],"replies":[{"embeddable":true,"href":"https:\/\/iap.crp.ufv.br\/index.php?rest_route=%2Fwp%2Fv2%2Fcomments&post=2336"}],"version-history":[{"count":4,"href":"https:\/\/iap.crp.ufv.br\/index.php?rest_route=\/wp\/v2\/pages\/2336\/revisions"}],"predecessor-version":[{"id":2341,"href":"https:\/\/iap.crp.ufv.br\/index.php?rest_route=\/wp\/v2\/pages\/2336\/revisions\/2341"}],"wp:attachment":[{"href":"https:\/\/iap.crp.ufv.br\/index.php?rest_route=%2Fwp%2Fv2%2Fmedia&parent=2336"}],"curies":[{"name":"wp","href":"https:\/\/api.w.org\/{rel}","templated":true}]}}