{"id":2216,"date":"2019-11-21T09:22:23","date_gmt":"2019-11-21T12:22:23","guid":{"rendered":"https:\/\/iap.crp.ufv.br\/?page_id=2216"},"modified":"2021-08-05T15:50:16","modified_gmt":"2021-08-05T18:50:16","slug":"menu02","status":"publish","type":"page","link":"https:\/\/iap.crp.ufv.br\/?page_id=2216","title":{"rendered":"Comiss\u00f5es Internas"},"content":{"rendered":"\n<p><strong><a href=\"https:\/\/iap.crp.ufv.br\/wp-content\/uploads\/Comiss\u00e3o-Ensino.pdf\">Comiss\u00e3o de Ensino \u2013 Ato 179\/2019\/IAP, DE 26\/09\/2019:<\/a><\/strong><\/p>\n\n\n\n<p> Pedro Ivo Vieira Good God,  8855-2\/UFV (presidente);<br \/> Allan Robledo Fialho e Moraes,  11298-4\/UFV;<br \/> Fl\u00e1vio Lemes Fernandes,  10141-9\/UFV.<\/p>\n\n\n\n<p><strong><a href=\"https:\/\/iap.crp.ufv.br\/wp-content\/uploads\/Comiss\u00e3o-Extens\u00e3o.pdf\">Comiss\u00e3o de Extens\u00e3o \u2013 Ato 180\/2019\/IAP, DE 26\/09\/2019:<\/a><\/strong><\/p>\n\n\n\n<p>Isabela Costa Guimar\u00e3es,  11860-5\/UFV (presidente);<br \/>Pedro Ivo Vieira Good God,  8855-2\/UFV;<br \/> \u00c9zio Marques da Silva, 10008-0\/UFV.<\/p>\n\n\n\n<p><strong><a href=\"https:\/\/iap.crp.ufv.br\/wp-content\/uploads\/Comiss\u00e3o-Pesquisa.pdf\">Comiss\u00e3o de Pesquisa \u2013 Ato 174\/2019\/IAP, DE 04\/09\/2019:<\/a><\/strong><\/p>\n\n\n\n<p> Milene Therezinha das Dores, 10255-5\/UFV (presidente);<br \/> Camila Rocha da Silva,  11676-9\/UFV;<br \/> Evandro Galv\u00e3o Tavares Menezes, 11553-3\/UFV.<\/p>\n\n\n\n<p><strong><a href=\"https:\/\/iap.crp.ufv.br\/wp-content\/uploads\/Ato-181-2019-progress\u00e3o-IAP.pdf\">Comiss\u00e3o de Avalia\u00e7\u00e3o de Progress\u00e3o e Promo\u00e7\u00e3o dos Docentes do IAP &#8211;<\/a><\/strong><a href=\"https:\/\/iap.crp.ufv.br\/wp-content\/uploads\/Ato-181-2019-progress\u00e3o-IAP.pdf\"> <\/a><strong><a href=\"https:\/\/iap.crp.ufv.br\/wp-content\/uploads\/Ato-181-2019-progress\u00e3o-IAP.pdf\">Ato 181\/2019\/IAP, DE 16\/10\/2019:<\/a><\/strong><\/p>\n\n\n\n<p>Alberto Carvalho Filho,  8977-X\/UFV (presidente);<br \/>\u00c9zio Marques da Silva,  10008-0\/UFV;<br \/>Fl\u00e1vio Lemes Fernandes,  10141-9\/UFV;<br \/>Fabr\u00edcia Queiroz Mendes,  8861-7\/UFV (suplente).<\/p>\n","protected":false},"excerpt":{"rendered":"<p>Comiss\u00e3o de Ensino \u2013 Ato 179\/2019\/IAP, DE 26\/09\/2019: Pedro Ivo Vieira Good God, 8855-2\/UFV (presidente); Allan Robledo Fialho e Moraes, 11298-4\/UFV; Fl\u00e1vio Lemes Fernandes, 10141-9\/UFV. Comiss\u00e3o de Extens\u00e3o \u2013 Ato 180\/2019\/IAP, DE 26\/09\/2019: Isabela Costa Guimar\u00e3es, 11860-5\/UFV (presidente);Pedro Ivo Vieira Good God, 8855-2\/UFV; \u00c9zio Marques da Silva, 10008-0\/UFV. Comiss\u00e3o de Pesquisa \u2013 Ato 174\/2019\/IAP, DE [&hellip;]<\/p>\n","protected":false},"author":1,"featured_media":0,"parent":0,"menu_order":0,"comment_status":"closed","ping_status":"closed","template":"","meta":{"footnotes":""},"class_list":["post-2216","page","type-page","status-publish","hentry"],"_links":{"self":[{"href":"https:\/\/iap.crp.ufv.br\/index.php?rest_route=\/wp\/v2\/pages\/2216","targetHints":{"allow":["GET"]}}],"collection":[{"href":"https:\/\/iap.crp.ufv.br\/index.php?rest_route=\/wp\/v2\/pages"}],"about":[{"href":"https:\/\/iap.crp.ufv.br\/index.php?rest_route=\/wp\/v2\/types\/page"}],"author":[{"embeddable":true,"href":"https:\/\/iap.crp.ufv.br\/index.php?rest_route=\/wp\/v2\/users\/1"}],"replies":[{"embeddable":true,"href":"https:\/\/iap.crp.ufv.br\/index.php?rest_route=%2Fwp%2Fv2%2Fcomments&post=2216"}],"version-history":[{"count":6,"href":"https:\/\/iap.crp.ufv.br\/index.php?rest_route=\/wp\/v2\/pages\/2216\/revisions"}],"predecessor-version":[{"id":2414,"href":"https:\/\/iap.crp.ufv.br\/index.php?rest_route=\/wp\/v2\/pages\/2216\/revisions\/2414"}],"wp:attachment":[{"href":"https:\/\/iap.crp.ufv.br\/index.php?rest_route=%2Fwp%2Fv2%2Fmedia&parent=2216"}],"curies":[{"name":"wp","href":"https:\/\/api.w.org\/{rel}","templated":true}]}}